{"id":894,"date":"2024-07-04T08:37:38","date_gmt":"2024-07-04T08:37:38","guid":{"rendered":"https:\/\/nyxrollerblinds.uk\/?page_id=894"},"modified":"2025-02-04T14:40:45","modified_gmt":"2025-02-04T14:40:45","slug":"azienda","status":"publish","type":"page","link":"https:\/\/nyxrollerblinds.uk\/it\/azienda\/","title":{"rendered":"Azienda"},"content":{"rendered":"\t\t<div data-elementor-type=\"wp-page\" data-elementor-id=\"894\" class=\"elementor elementor-894\" data-elementor-post-type=\"page\">\n\t\t\t\t<div class=\"elementor-element elementor-element-f58f8c7 e-flex e-con-boxed e-con e-parent\" data-id=\"f58f8c7\" data-element_type=\"container\">\n\t\t\t\t\t<div class=\"e-con-inner\">\n\t\t<div class=\"elementor-element elementor-element-3107a40 e-con-full e-flex e-con e-child\" data-id=\"3107a40\" data-element_type=\"container\">\n\t\t\t\t<div class=\"elementor-element elementor-element-1b9c726 elementor-widget elementor-widget-heading\" data-id=\"1b9c726\" data-element_type=\"widget\" data-widget_type=\"heading.default\">\n\t\t\t\t<div class=\"elementor-widget-container\">\n\t\t\t\t\t<h2 class=\"elementor-heading-title elementor-size-default\">azienda<\/h2>\t\t\t\t<\/div>\n\t\t\t\t<\/div>\n\t\t\t\t<\/div>\n\t\t<div class=\"elementor-element elementor-element-8137bd0 e-con-full e-flex e-con e-child\" data-id=\"8137bd0\" data-element_type=\"container\">\n\t\t\t\t<div class=\"elementor-element elementor-element-257aa73 elementor-widget elementor-widget-heading\" data-id=\"257aa73\" data-element_type=\"widget\" data-widget_type=\"heading.default\">\n\t\t\t\t<div class=\"elementor-widget-container\">\n\t\t\t\t\t<h4 class=\"elementor-heading-title elementor-size-default\">Siamo intrepidi ed estrosi,\nci avventuriamo in terreni inesplorati\ne ci manteniamo felicemente connessi\nimparando a fondere gli innovativi\nsviluppi tecnici con la bellezza.<\/h4>\t\t\t\t<\/div>\n\t\t\t\t<\/div>\n\t\t\t\t<div class=\"elementor-element elementor-element-9ea3e51 elementor-widget elementor-widget-text-editor\" data-id=\"9ea3e51\" data-element_type=\"widget\" data-widget_type=\"text-editor.default\">\n\t\t\t\t<div class=\"elementor-widget-container\">\n\t\t\t\t\t\t\t\t\t<p>Qualit\u00e0 che ci hanno permesso di crescere con costanza e di consolidarci come un player di riferimento nel mercato della schermatura solare. I nostri sistemi integrati arredano le case e ogni altro ambiente. Abbiamo scelto infatti di produrre dei sistemi che fossero completamente accessoriati, tecnologicamente avanzati e perfettamente funzionali, che al tempo stesso, vestissero gli spazi con eleganza.<\/p>\t\t\t\t\t\t\t\t<\/div>\n\t\t\t\t<\/div>\n\t\t\t\t<\/div>\n\t\t<div class=\"elementor-element elementor-element-49cb189 e-con-full e-flex e-con e-child\" data-id=\"49cb189\" data-element_type=\"container\">\n\t\t\t\t<div class=\"elementor-element elementor-element-090f25b elementor-widget elementor-widget-image\" data-id=\"090f25b\" data-element_type=\"widget\" data-widget_type=\"image.default\">\n\t\t\t\t<div class=\"elementor-widget-container\">\n\t\t\t\t\t\t\t\t\t\t\t\t\t\t\t<img fetchpriority=\"high\" decoding=\"async\" width=\"1000\" height=\"1000\" src=\"https:\/\/nyxrollerblinds.uk\/wp-content\/uploads\/2024\/07\/tef-4.jpg\" class=\"attachment-large size-large wp-image-11020\" alt=\"TEF - Tende con guida a fune inox\" srcset=\"https:\/\/nyxrollerblinds.uk\/wp-content\/uploads\/2024\/07\/tef-4.jpg 1000w, https:\/\/nyxrollerblinds.uk\/wp-content\/uploads\/2024\/07\/tef-4-300x300.jpg 300w, https:\/\/nyxrollerblinds.uk\/wp-content\/uploads\/2024\/07\/tef-4-150x150.jpg 150w, https:\/\/nyxrollerblinds.uk\/wp-content\/uploads\/2024\/07\/tef-4-768x768.jpg 768w, https:\/\/nyxrollerblinds.uk\/wp-content\/uploads\/2024\/07\/tef-4-650x650.jpg 650w\" sizes=\"(max-width: 1000px) 100vw, 1000px\" \/>\t\t\t\t\t\t\t\t\t\t\t\t\t\t\t<\/div>\n\t\t\t\t<\/div>\n\t\t\t\t<\/div>\n\t\t<div class=\"elementor-element elementor-element-4e4765e e-con-full e-flex e-con e-child\" data-id=\"4e4765e\" data-element_type=\"container\">\n\t\t\t\t<div class=\"elementor-element elementor-element-aa3838f elementor-widget elementor-widget-image\" data-id=\"aa3838f\" data-element_type=\"widget\" data-widget_type=\"image.default\">\n\t\t\t\t<div class=\"elementor-widget-container\">\n\t\t\t\t\t\t\t\t\t\t\t\t\t\t\t<img decoding=\"async\" width=\"1024\" height=\"1024\" src=\"https:\/\/nyxrollerblinds.uk\/wp-content\/uploads\/2024\/05\/Home-6-1024x1024.jpg\" class=\"attachment-large size-large wp-image-767\" alt=\"\" srcset=\"https:\/\/nyxrollerblinds.uk\/wp-content\/uploads\/2024\/05\/Home-6-1024x1024.jpg 1024w, https:\/\/nyxrollerblinds.uk\/wp-content\/uploads\/2024\/05\/Home-6-300x300.jpg 300w, https:\/\/nyxrollerblinds.uk\/wp-content\/uploads\/2024\/05\/Home-6-150x150.jpg 150w, https:\/\/nyxrollerblinds.uk\/wp-content\/uploads\/2024\/05\/Home-6-768x768.jpg 768w, https:\/\/nyxrollerblinds.uk\/wp-content\/uploads\/2024\/05\/Home-6.jpg 1251w\" sizes=\"(max-width: 1024px) 100vw, 1024px\" \/>\t\t\t\t\t\t\t\t\t\t\t\t\t\t\t<\/div>\n\t\t\t\t<\/div>\n\t\t\t\t<\/div>\n\t\t<div class=\"elementor-element elementor-element-01960a4 e-con-full e-flex e-con e-child\" data-id=\"01960a4\" data-element_type=\"container\">\n\t\t\t\t<div class=\"elementor-element elementor-element-88853ef elementor-widget elementor-widget-heading\" data-id=\"88853ef\" data-element_type=\"widget\" data-widget_type=\"heading.default\">\n\t\t\t\t<div class=\"elementor-widget-container\">\n\t\t\t\t\t<h4 class=\"elementor-heading-title elementor-size-default\">Con la nostra produzione di alta gamma, garantiamo pluralit\u00e0 di soluzioni e maggiore efficienza energetica. Le soluzioni Nyx, grazie all\u2019estrema pulizia delle linee, minimizzano l\u2019impatto visivo e si sposano perfettamente con qualsiasi edificio.<\/h4>\t\t\t\t<\/div>\n\t\t\t\t<\/div>\n\t\t\t\t<div class=\"elementor-element elementor-element-6bc9038 elementor-widget elementor-widget-text-editor\" data-id=\"6bc9038\" data-element_type=\"widget\" data-widget_type=\"text-editor.default\">\n\t\t\t\t<div class=\"elementor-widget-container\">\n\t\t\t\t\t\t\t\t\t<p>Valorizziamo gli spazi abitativi e professionali, con nella forza qualitativa dei nostri sistemi integrati, per fornire ogni tipo di soluzione completa. La tenda a rullo \u00e8 infatti elegante, facilmente compatibile con ogni arredo e struttura, efficiente e decisamente performante, soprattutto nel felice abbinamento con la zanzariera.<\/p>\t\t\t\t\t\t\t\t<\/div>\n\t\t\t\t<\/div>\n\t\t\t\t<\/div>\n\t\t\t\t\t<\/div>\n\t\t\t\t<\/div>\n\t\t<div class=\"elementor-element elementor-element-5429f08 e-flex e-con-boxed e-con e-parent\" data-id=\"5429f08\" data-element_type=\"container\">\n\t\t\t\t\t<div class=\"e-con-inner\">\n\t\t<div class=\"elementor-element elementor-element-ace7edf e-con-full e-flex e-con e-child\" data-id=\"ace7edf\" data-element_type=\"container\">\n\t\t\t\t<div class=\"elementor-element elementor-element-90d0dad elementor-widget elementor-widget-heading\" data-id=\"90d0dad\" data-element_type=\"widget\" data-widget_type=\"heading.default\">\n\t\t\t\t<div class=\"elementor-widget-container\">\n\t\t\t\t\t<h2 class=\"elementor-heading-title elementor-size-default\">\"Proteggiamo il tuo benessere,\nresistendo bene alle diverse condizioni climatiche\"<\/h2>\t\t\t\t<\/div>\n\t\t\t\t<\/div>\n\t\t\t\t<\/div>\n\t\t\t\t\t<\/div>\n\t\t\t\t<\/div>\n\t\t<div class=\"elementor-element elementor-element-c6ff6b9 e-flex e-con-boxed e-con e-parent\" data-id=\"c6ff6b9\" data-element_type=\"container\">\n\t\t\t\t\t<div class=\"e-con-inner\">\n\t\t<div class=\"elementor-element elementor-element-d40ddea e-con-full e-flex e-con e-child\" data-id=\"d40ddea\" data-element_type=\"container\">\n\t\t\t\t<div class=\"elementor-element elementor-element-b78ac21 elementor-widget elementor-widget-heading\" data-id=\"b78ac21\" data-element_type=\"widget\" data-widget_type=\"heading.default\">\n\t\t\t\t<div class=\"elementor-widget-container\">\n\t\t\t\t\t<h4 class=\"elementor-heading-title elementor-size-default\">NYX \u00e8 sinonimo di eleganza e bon vivre.<\/h4>\t\t\t\t<\/div>\n\t\t\t\t<\/div>\n\t\t\t\t<div class=\"elementor-element elementor-element-7b747c7 elementor-widget elementor-widget-text-editor\" data-id=\"7b747c7\" data-element_type=\"widget\" data-widget_type=\"text-editor.default\">\n\t\t\t\t<div class=\"elementor-widget-container\">\n\t\t\t\t\t\t\t\t\t<p>I nostri sistemi integrati arredano le case e ogni altro ambiente, con eleganza e spirito contemporaneo.<\/p>\t\t\t\t\t\t\t\t<\/div>\n\t\t\t\t<\/div>\n\t\t\t\t<\/div>\n\t\t<div class=\"elementor-element elementor-element-c0343b9 e-con-full e-flex e-con e-child\" data-id=\"c0343b9\" data-element_type=\"container\">\n\t\t\t\t<div class=\"elementor-element elementor-element-873ed1b elementor-widget elementor-widget-image\" data-id=\"873ed1b\" data-element_type=\"widget\" data-widget_type=\"image.default\">\n\t\t\t\t<div class=\"elementor-widget-container\">\n\t\t\t\t\t\t\t\t\t\t\t\t\t\t\t<img decoding=\"async\" width=\"1000\" height=\"1000\" src=\"https:\/\/nyxrollerblinds.uk\/wp-content\/uploads\/2024\/07\/tez-in-luce-4.jpg\" class=\"attachment-large size-large wp-image-10989\" alt=\"\" srcset=\"https:\/\/nyxrollerblinds.uk\/wp-content\/uploads\/2024\/07\/tez-in-luce-4.jpg 1000w, https:\/\/nyxrollerblinds.uk\/wp-content\/uploads\/2024\/07\/tez-in-luce-4-300x300.jpg 300w, https:\/\/nyxrollerblinds.uk\/wp-content\/uploads\/2024\/07\/tez-in-luce-4-150x150.jpg 150w, https:\/\/nyxrollerblinds.uk\/wp-content\/uploads\/2024\/07\/tez-in-luce-4-768x768.jpg 768w, https:\/\/nyxrollerblinds.uk\/wp-content\/uploads\/2024\/07\/tez-in-luce-4-650x650.jpg 650w\" sizes=\"(max-width: 1000px) 100vw, 1000px\" \/>\t\t\t\t\t\t\t\t\t\t\t\t\t\t\t<\/div>\n\t\t\t\t<\/div>\n\t\t\t\t<\/div>\n\t\t\t\t\t<\/div>\n\t\t\t\t<\/div>\n\t\t<div class=\"elementor-element elementor-element-7aa743d e-flex e-con-boxed e-con e-parent\" data-id=\"7aa743d\" data-element_type=\"container\">\n\t\t\t\t\t<div class=\"e-con-inner\">\n\t\t<div class=\"elementor-element elementor-element-3ef0e82 e-con-full e-flex e-con e-child\" data-id=\"3ef0e82\" data-element_type=\"container\" data-settings=\"{&quot;background_background&quot;:&quot;classic&quot;}\">\n\t\t\t\t<div class=\"elementor-element elementor-element-7b27a0f elementor-widget elementor-widget-image\" data-id=\"7b27a0f\" data-element_type=\"widget\" data-widget_type=\"image.default\">\n\t\t\t\t<div class=\"elementor-widget-container\">\n\t\t\t\t\t\t\t\t\t\t\t\t\t\t\t<img decoding=\"async\" src=\"https:\/\/nyxrollerblinds.uk\/wp-content\/uploads\/elementor\/thumbs\/sezione_green2-qtilxlx3b0nq1sbkcey6fvqv7furtgn3iwju2j5qmo.jpg\" title=\"sezione_green2\" alt=\"sezione_green2\" loading=\"lazy\" \/>\t\t\t\t\t\t\t\t\t\t\t\t\t\t\t<\/div>\n\t\t\t\t<\/div>\n\t\t\t\t<\/div>\n\t\t<div class=\"elementor-element elementor-element-d6ca661 e-con-full e-flex e-con e-child\" data-id=\"d6ca661\" data-element_type=\"container\" data-settings=\"{&quot;background_background&quot;:&quot;classic&quot;}\">\n\t\t\t\t<div class=\"elementor-element elementor-element-f2b1730 elementor-widget elementor-widget-heading\" data-id=\"f2b1730\" data-element_type=\"widget\" data-widget_type=\"heading.default\">\n\t\t\t\t<div class=\"elementor-widget-container\">\n\t\t\t\t\t<h3 class=\"elementor-heading-title elementor-size-default\">La nostra sensibilita\u2019 al risparmio energetico<\/h3>\t\t\t\t<\/div>\n\t\t\t\t<\/div>\n\t\t\t\t<div class=\"elementor-element elementor-element-e015229 elementor-widget elementor-widget-text-editor\" data-id=\"e015229\" data-element_type=\"widget\" data-widget_type=\"text-editor.default\">\n\t\t\t\t<div class=\"elementor-widget-container\">\n\t\t\t\t\t\t\t\t\t<p>In un pensiero volto a sostenere l\u2019economia circolare (basato su condivisione, prestito, riutilizzo, riparazione, ricondizionamento e riciclo), Nyx \u00e8 attenta ai processi produttivi di tutta la filiera controllando i consumi elettrici, riciclando le materie di scarto, in particolare tessuti e alluminio e, riutilizzando l\u2019imballaggio ove questo sia fattibile.<\/p><p>Oggi il risparmio energetico \u00e8 un tema che parte dal singolo utente e, a cascata, coinvolge ogni singola attivit\u00e0, poich\u00e9 il suo impatto condiziona il sistema ambientale ed economico. I prodotti Nyx guardano al futuro poich\u00e9 sappiamo che le schermature solari sono considerate tra le migliori soluzioni per migliorare l\u2019efficienza energetica degli edifici.<\/p><p>Il design delle nostre tende ha lo scopo di unire, in uno stesso prodotto, il top dell\u2019efficacia tecnica con la massima eleganza, per un risultato che garantisca comfort termico e visivo degli spazi che viviamo. Al contempo valorizziamo l\u2019architettura di prospetti e facciate senza tralasciare la privacy di ogni singolo ambiente.<\/p>\t\t\t\t\t\t\t\t<\/div>\n\t\t\t\t<\/div>\n\t\t\t\t<\/div>\n\t\t\t\t\t<\/div>\n\t\t\t\t<\/div>\n\t\t\t\t<\/div>\n\t\t","protected":false},"excerpt":{"rendered":"<p>azienda Siamo intrepidi ed estrosi, ci avventuriamo in terreni inesplorati e ci manteniamo felicemente connessi imparando a fondere gli innovativi sviluppi tecnici con la bellezza. Qualit\u00e0 che ci hanno permesso di crescere con costanza e di consolidarci come un player di riferimento nel mercato della schermatura solare. I nostri sistemi integrati arredano le case e [&hellip;]<\/p>\n","protected":false},"author":1,"featured_media":0,"parent":0,"menu_order":9,"comment_status":"closed","ping_status":"closed","template":"","meta":{"footnotes":""},"class_list":["post-894","page","type-page","status-publish","hentry"],"blocksy_meta":[],"aioseo_notices":[],"_links":{"self":[{"href":"https:\/\/nyxrollerblinds.uk\/it\/wp-json\/wp\/v2\/pages\/894","targetHints":{"allow":["GET"]}}],"collection":[{"href":"https:\/\/nyxrollerblinds.uk\/it\/wp-json\/wp\/v2\/pages"}],"about":[{"href":"https:\/\/nyxrollerblinds.uk\/it\/wp-json\/wp\/v2\/types\/page"}],"author":[{"embeddable":true,"href":"https:\/\/nyxrollerblinds.uk\/it\/wp-json\/wp\/v2\/users\/1"}],"replies":[{"embeddable":true,"href":"https:\/\/nyxrollerblinds.uk\/it\/wp-json\/wp\/v2\/comments?post=894"}],"version-history":[{"count":1,"href":"https:\/\/nyxrollerblinds.uk\/it\/wp-json\/wp\/v2\/pages\/894\/revisions"}],"predecessor-version":[{"id":14877,"href":"https:\/\/nyxrollerblinds.uk\/it\/wp-json\/wp\/v2\/pages\/894\/revisions\/14877"}],"wp:attachment":[{"href":"https:\/\/nyxrollerblinds.uk\/it\/wp-json\/wp\/v2\/media?parent=894"}],"curies":[{"name":"wp","href":"https:\/\/api.w.org\/{rel}","templated":true}]}}