{"id":3,"date":"2024-05-14T15:18:37","date_gmt":"2024-05-14T15:18:37","guid":{"rendered":"https:\/\/nyxrollerblinds.uk\/?page_id=3"},"modified":"2024-08-27T09:27:48","modified_gmt":"2024-08-27T09:27:48","slug":"privacy-policy","status":"publish","type":"page","link":"https:\/\/nyxrollerblinds.uk\/it\/privacy-policy\/","title":{"rendered":"Privacy Policy"},"content":{"rendered":"\t\t<div data-elementor-type=\"wp-page\" data-elementor-id=\"3\" class=\"elementor elementor-3\" data-elementor-post-type=\"page\">\n\t\t\t\t<div class=\"elementor-element elementor-element-46b448ab e-flex e-con-boxed e-con e-parent\" data-id=\"46b448ab\" data-element_type=\"container\">\n\t\t\t\t\t<div class=\"e-con-inner\">\n\t\t\t\t<div class=\"elementor-element elementor-element-56e405b elementor-widget elementor-widget-heading\" data-id=\"56e405b\" data-element_type=\"widget\" data-widget_type=\"heading.default\">\n\t\t\t\t<div class=\"elementor-widget-container\">\n\t\t\t\t\t<h2 class=\"elementor-heading-title elementor-size-default\">INFORMATIVA AL TRATTAMENTO DEI DATI PERSONALI \u2013 CLIENTI\/FORNITORI<\/h2>\t\t\t\t<\/div>\n\t\t\t\t<\/div>\n\t\t\t\t<div class=\"elementor-element elementor-element-71210dd elementor-widget elementor-widget-heading\" data-id=\"71210dd\" data-element_type=\"widget\" data-widget_type=\"heading.default\">\n\t\t\t\t<div class=\"elementor-widget-container\">\n\t\t\t\t\t<h5 class=\"elementor-heading-title elementor-size-default\">ai sensi e per gli effetti di cui all\u2019 art. 13 del Regolamento UE 2016\/679\n(Regolamento generale sulla protezione dei dati personali)<\/h5>\t\t\t\t<\/div>\n\t\t\t\t<\/div>\n\t\t\t\t<div class=\"elementor-element elementor-element-72d4b526 elementor-widget elementor-widget-text-editor\" data-id=\"72d4b526\" data-element_type=\"widget\" data-widget_type=\"text-editor.default\">\n\t\t\t\t<div class=\"elementor-widget-container\">\n\t\t\t\t\t\t\t\t\t<p>Gentile Cliente\/Fornitore, ai sensi dell\u2019art.13 del Regolamento UE 2016\/679 nel seguito \u201cRegolamento\u201d ed in relazione ai dati personali che La riguardano la Ns. societ\u00e0, in qualit\u00e0 di titolare del trattamento, a seguito dei contratti in essere desidera fornirLe le seguenti informazioni.<strong>\u00a0<\/strong><\/p>\n<ul>\n<li><strong> Estremi identificativi del titolare del trattamento dei dati<\/strong><\/li>\n<\/ul>\n<p>Il titolare del trattamento \u00e8 NYX s.r.l. con sede legale e operativa in Via dell\u2019Industria, 3 \u2013 35020 Brugine (PD). I dati di contatto sono i seguenti: Telefono (+39) 049 7962204 E-mail: info@nyxrollerblinds.uk. Si precisa che in considerazione del fatto che il titolare del trattamento \u00e8 stabilito all\u2019interno dell\u2019Unione Europea, non \u00e8 necessaria la nomina del rappresentante del titolare del trattamento.<\/p>\n<ul>\n<li><strong>Dati di contatto del responsabile della protezione dei dati<\/strong><\/li>\n<\/ul>\n<p>A seguito di verifica della applicabilit\u00e0 di quanto previsto dall\u2019art. 37 del Regolamento, si \u00e8 esclusa la nomina del Responsabile alla protezione dei dati, in quanto l\u2019azienda non ricade in nessuna delle casistiche contemplate.<\/p>\n<ul>\n<li><strong> Finalit\u00e0 del trattamento cui sono destinati i dati e base giuridica <\/strong><\/li>\n<\/ul>\n<p>Il trattamento \u00e8 diretto all\u2019espletamento delle seguenti attivit\u00e0:<\/p>\n<ul>\n<li>Adempimento degli obblighi di legge e\/o di contratto, espletamento degli usi e consuetudini, in merito all\u2019attivit\u00e0 commerciale dell\u2019azienda;<\/li>\n<li>Elaborazione contabili e amministrative;<\/li>\n<li>Gestione degli adempimenti legali e dei contenziosi; Adempimenti connessi alla legislazione vigente in materia di salute e sicurezza sul lavoro;<\/li>\n<li>Adempimenti legati all\u2019applicazione del Sistema di Gestione interno all\u2019azienda<\/li>\n<li>Invio di comunicazioni relative ad offerte e promozioni.<\/li>\n<\/ul>\n<p>La base giuridica del trattamento \u00e8 costituita dai seguenti elementi: contratto per l\u2019acquisizione\/fornitura di beni o servizi, il Dlgs 81\/2008 e s.m.i. per quanto attiene la legislazione vigente in materia di salute e sicurezza del lavoro e le normative correlate all\u2019applicazione del Codice Civile e Codice Penale.\u00a0\u00a0 Il trattamento \u00e8 realizzato per mezzo di operazioni o complessi di operazioni ed in particolare: raccolta, registrazione, organizzazione, conservazione, elaborazione, modificazione, raffronto, interconnessione; selezione, estrazione, consultazione, comunicazione, blocco, cancellazione e distruzione; \u00e8 effettuato con o senza l\u2019ausilio di mezzi elettronici; \u00e8 svolto dall\u2019organizzazione del Titolare e da societ\u00e0 di fiducia, il cui elenco \u00e8 disponibile presso il Titolare, che sono nostre dirette collaboratrici e che operano in totale autonomia come distinti titolari esterni del trattamento di dati personali, obbligati ad adempiere in proprio e secondo un contratto con la Ns. societ\u00e0 alla normativa in materia di tutela di protezione dei dati personali. I dati personali non sono soggetti a diffusione.<\/p>\n<ul>\n<li><strong> Legittimi interessi del Titolare del trattamento<\/strong><\/li>\n<\/ul>\n<p>Nel caso siano effettuati trattamenti ai sensi dell\u2019art. 6, paragrafo 1, lettera f), essi avverranno esclusivamente per il soddisfacimento dei legittimi interessi del titolare del trattamento.<\/p>\n<ul>\n<li><strong> Destinatari dei dati personali<\/strong><\/li>\n<\/ul>\n<p>I dati personali raccolti potranno essere comunicati a:<\/p>\n<ul>\n<li>tutti i soggetti cui la facolt\u00e0 di accesso a tali dati \u00e8 riconosciuta in forza di provvedimenti normativi;<\/li>\n<li>ai nostri collaboratori nell\u2019ambito delle rispettive mansioni;<\/li>\n<li>a tutte quelle persone fisiche e\/o giuridiche, pubbliche e\/o private quando la comunicazione risulti necessaria o funzionale allo svolgimento della nostra attivit\u00e0 e nei modi e per le finalit\u00e0 illustrate.<\/li>\n<\/ul>\n<p><strong>Trasferimento dei dati personali all\u2019estero<\/strong><\/p>\n<p>Il titolare del trattamento non ha intenzione di effettuare un trasferimento dei dati personali a paesi terzi o organizzazioni internazionali al di fuori dell\u2019Unione Europea.<\/p>\n<ul>\n<li><strong> Periodo di conservazione dei dati personali<\/strong><\/li>\n<\/ul>\n<p>Si assume quale parametro il limite temporale di conservazione dei dati ai fini fiscali attualmente vigente (10 anni).<\/p>\n<ul>\n<li><strong> Diritti dell\u2019interessato<\/strong><\/li>\n<\/ul>\n<p>L\u2019interessato ha diritto (Capo III Diritti dell\u2019Interessato) di chiedere al titolare del trattamento l\u2019accesso ai dati personali e la rettifica o la cancellazione degli stessi, nonch\u00e9 la limitazione od opposizione al loro trattamento e la portabilit\u00e0 dei dati. Per esercitare tali diritti occorre fare riferimento ai dati di contatto precedentemente menzionati.<\/p>\n<ul>\n<li><strong> Revoca del consenso<\/strong><\/li>\n<\/ul>\n<p>L\u2019interessato ha il diritto di revocare il consenso espresso ai sensi dell\u2019art. 6, paragrafo 1, lettera a) e dell\u2019art. 9, paragrafo 2, lettera a).<\/p>\n<ul>\n<li><strong> Diritto di Reclamo presso l\u2019Autorit\u00e0 di controllo<\/strong><\/li>\n<\/ul>\n<p>L\u2019interessato ha diritto di proporre reclamo all\u2019Autorit\u00e0 di controllo, raggiungibile ai seguenti recapiti: Garante per la protezione dei dati personali \u2013 Piazza di Monte Citorio n. 121 00186 ROMA Fax: (+39) 06.69677.3785 Centralino telefonico: (+39) 06.696771 E-mail:\u00a0<a href=\"mailto:garante@gpdp.it\">garante@gpdp.it<\/a>\u00a0 Posta certificata: <a href=\"mailto:protocollo@pec.gpdp.it%CA\">protocollo@pec.gpdp.it\u00a0<\/a>. I riferimenti e le modalit\u00e0 per esercitare il diritto di reclamo sono riportati nel sito del Garante della Privacy <a href=\"http:\/\/www.garanteprivacy.it.\">http:\/\/www.garanteprivacy.it.<\/a><\/p>\n<ul>\n<li><strong> Comunicazione dei dati personali<\/strong><\/li>\n<\/ul>\n<p>La comunicazione ed il successivo trattamento dei dati personali costituisce condizione necessaria per il perfezionamento del contratto in essere con la Ns. societ\u00e0. La mancata comunicazione avr\u00e0 come effetto la non applicabilit\u00e0 del contratto.<\/p>\n<ul>\n<li><strong> Processo decisionale automatizzato<\/strong><\/li>\n<\/ul>\n<p>I dati personali raccolti non saranno sottoposti a processi decisionali automatizzati, compresa la profilazione.<\/p>\t\t\t\t\t\t\t\t<\/div>\n\t\t\t\t<\/div>\n\t\t\t\t\t<\/div>\n\t\t\t\t<\/div>\n\t\t\t\t<\/div>\n\t\t","protected":false},"excerpt":{"rendered":"<p>INFORMATIVA AL TRATTAMENTO DEI DATI PERSONALI \u2013 CLIENTI\/FORNITORI ai sensi e per gli effetti di cui all\u2019 art. 13 del Regolamento UE 2016\/679 (Regolamento generale sulla protezione dei dati personali) Gentile Cliente\/Fornitore, ai sensi dell\u2019art.13 del Regolamento UE 2016\/679 nel seguito \u201cRegolamento\u201d ed in relazione ai dati personali che La riguardano la Ns. societ\u00e0, in [&hellip;]<\/p>\n","protected":false},"author":1,"featured_media":0,"parent":0,"menu_order":1,"comment_status":"closed","ping_status":"open","template":"","meta":{"footnotes":""},"class_list":["post-3","page","type-page","status-publish","hentry"],"blocksy_meta":[],"aioseo_notices":[],"_links":{"self":[{"href":"https:\/\/nyxrollerblinds.uk\/it\/wp-json\/wp\/v2\/pages\/3","targetHints":{"allow":["GET"]}}],"collection":[{"href":"https:\/\/nyxrollerblinds.uk\/it\/wp-json\/wp\/v2\/pages"}],"about":[{"href":"https:\/\/nyxrollerblinds.uk\/it\/wp-json\/wp\/v2\/types\/page"}],"author":[{"embeddable":true,"href":"https:\/\/nyxrollerblinds.uk\/it\/wp-json\/wp\/v2\/users\/1"}],"replies":[{"embeddable":true,"href":"https:\/\/nyxrollerblinds.uk\/it\/wp-json\/wp\/v2\/comments?post=3"}],"version-history":[{"count":0,"href":"https:\/\/nyxrollerblinds.uk\/it\/wp-json\/wp\/v2\/pages\/3\/revisions"}],"wp:attachment":[{"href":"https:\/\/nyxrollerblinds.uk\/it\/wp-json\/wp\/v2\/media?parent=3"}],"curies":[{"name":"wp","href":"https:\/\/api.w.org\/{rel}","templated":true}]}}