{"id":12932,"date":"2024-07-26T08:19:08","date_gmt":"2024-07-26T08:19:08","guid":{"rendered":"https:\/\/nyxrollerblinds.uk\/?page_id=12932"},"modified":"2025-04-17T08:27:18","modified_gmt":"2025-04-17T08:27:18","slug":"home-con-video2","status":"publish","type":"page","link":"https:\/\/nyxrollerblinds.uk\/it\/","title":{"rendered":"Home"},"content":{"rendered":"\t\t<div data-elementor-type=\"wp-page\" data-elementor-id=\"12932\" class=\"elementor elementor-12932\" data-elementor-post-type=\"page\">\n\t\t\t\t<div class=\"elementor-element elementor-element-d60ec1d e-flex e-con-boxed e-con e-parent\" data-id=\"d60ec1d\" data-element_type=\"container\">\n\t\t\t\t\t<div class=\"e-con-inner\">\n\t\t\t\t<div class=\"elementor-element elementor-element-c124af2 elementor-widget elementor-widget-slider_revolution\" data-id=\"c124af2\" data-element_type=\"widget\" data-widget_type=\"slider_revolution.default\">\n\t\t\t\t<div class=\"elementor-widget-container\">\n\t\t\t\t\t\n\t\t<div class=\"wp-block-themepunch-revslider\">\n\t\t\t\t<p class=\"rs-p-wp-fix\"><\/p>\n\t\t\t\t<sr7-module data-alias=\"Home2025\" data-id=\"35\" id=\"SR7_35_1\" class=\"rs-ov-hidden\" data-version=\"6.7.21\">\n\t\t\t\t\t<sr7-adjuster><\/sr7-adjuster>\n\t\t\t\t\t<sr7-content>\n\t\t\t\t\t\t<sr7-slide id=\"SR7_35_1-47\" data-key=\"47\">\n\t\t\t\t\t\t\t<sr7-bg id=\"SR7_35_1-47-1\" class=\"sr7-layer\"><noscript><img decoding=\"async\" src=\"https:\/\/nyxrollerblinds.uk\/wp-content\/uploads\/revslider\/home2025ita-EN\/header3-2.jpg\" alt=\"\" title=\"header3-2.jpg\"><\/noscript><\/sr7-bg>\n\t\t\t\t\t\t\t<sr7-txt id=\"SR7_35_1-47-0\" class=\"sr7-layer\">superfici architettoniche<\/sr7-txt>\n\t\t\t\t\t\t<\/sr7-slide>\n\t\t\t\t\t\t<sr7-slide id=\"SR7_35_1-48\" data-key=\"48\">\n\t\t\t\t\t\t\t<sr7-bg id=\"SR7_35_1-48-1\" class=\"sr7-layer\"><noscript><img decoding=\"async\" src=\"https:\/\/nyxrollerblinds.uk\/wp-content\/uploads\/revslider\/home2025ita-EN\/header2-2.jpg\" alt=\"\" title=\"header2-2.jpg\"><\/noscript><\/sr7-bg>\n\t\t\t\t\t\t<\/sr7-slide>\n\t\t\t\t\t\t<sr7-slide id=\"SR7_35_1-49\" data-key=\"49\">\n\t\t\t\t\t\t\t<sr7-bg id=\"SR7_35_1-49-1\" class=\"sr7-layer\"><noscript><img decoding=\"async\" src=\"https:\/\/nyxrollerblinds.uk\/wp-content\/uploads\/revslider\/home2025ita-EN\/header1-2.jpg\" alt=\"\" title=\"header1-2.jpg\"><\/noscript><\/sr7-bg>\n\t\t\t\t\t\t\t<sr7-txt id=\"SR7_35_1-49-0\" class=\"sr7-layer\">superfici architettoniche<\/sr7-txt>\n\t\t\t\t\t\t<\/sr7-slide>\n\t\t\t\t\t<\/sr7-content>\n\t\t\t\t\t<image_lists style=\"display:none\">\n\t\t\t\t\t\t<img data-src=\"\/\/nyxrollerblinds.uk\/wp-content\/uploads\/revslider\/home2025ita-EN\/header3-2.jpg\" data-libid=\"15334\" data-lib=\"medialibrary\" title=\"header3-2.jpg\" width=\"0\" height=\"0\" data-dbsrc=\"Ly9ueXhyb2xsZXJibGluZHMudWsvd3AtY29udGVudC91cGxvYWRzL3JldnNsaWRlci9ob21lMjAyNWl0YS1FTi9oZWFkZXIzLTIuanBn\"\/>\n\t\t\t\t\t\t<img data-src=\"\/\/nyxrollerblinds.uk\/wp-content\/uploads\/revslider\/home2025ita-EN\/header2-2.jpg\" data-libid=\"15336\" data-lib=\"medialibrary\" title=\"header2-2.jpg\" width=\"0\" height=\"0\" data-dbsrc=\"Ly9ueXhyb2xsZXJibGluZHMudWsvd3AtY29udGVudC91cGxvYWRzL3JldnNsaWRlci9ob21lMjAyNWl0YS1FTi9oZWFkZXIyLTIuanBn\"\/>\n\t\t\t\t\t\t<img data-src=\"\/\/nyxrollerblinds.uk\/wp-content\/uploads\/revslider\/home2025ita-EN\/header1-2.jpg\" data-libid=\"15338\" data-lib=\"medialibrary\" title=\"header1-2.jpg\" width=\"0\" height=\"0\" data-dbsrc=\"Ly9ueXhyb2xsZXJibGluZHMudWsvd3AtY29udGVudC91cGxvYWRzL3JldnNsaWRlci9ob21lMjAyNWl0YS1FTi9oZWFkZXIxLTIuanBn\"\/>\n\t\t\t\t\t<\/image_lists>\n\t\t\t\t<\/sr7-module>\n\t\t\t\t<script>\n\t\t\t\t\tSR7.PMH ??={}; SR7.PMH[\"SR7_35_1\"] = {cn:0,state:false,fn: function() { if (_tpt!==undefined && _tpt.prepareModuleHeight !== undefined) {  _tpt.prepareModuleHeight({id:\"SR7_35_1\",el:[750,750,500,400,290],type:'standard',shdw:'0',gh:[750,750,619,470,290],gw:[1240,1240,1024,778,480],vpt:['-100px'],size:{fullWidth:true, fullHeight:false},mh:'0',onh:0,onw:0,bg:{color:'{\"orig\":\"transparent\",\"type\":\"solid\",\"string\":\"transparent\"}'}});   SR7.PMH[\"SR7_35_1\"].state=true;} else if((SR7.PMH[\"SR7_35_1\"].cn++)<100)\tsetTimeout( SR7.PMH[\"SR7_35_1\"].fn,19);}};SR7.PMH[\"SR7_35_1\" ].fn();\n\t\t\t\t<\/script>\n<\/div>\n\n\t\t\t\t\t\t<\/div>\n\t\t\t\t<\/div>\n\t\t\t\t\t<\/div>\n\t\t\t\t<\/div>\n\t\t<div class=\"elementor-element elementor-element-4f500eb e-flex e-con-boxed e-con e-parent\" data-id=\"4f500eb\" data-element_type=\"container\">\n\t\t\t\t\t<div class=\"e-con-inner\">\n\t\t<div class=\"elementor-element elementor-element-e5a8bad e-con-full e-flex e-con e-child\" data-id=\"e5a8bad\" data-element_type=\"container\">\n\t\t\t\t<div class=\"elementor-element elementor-element-354562b elementor-widget elementor-widget-spacer\" data-id=\"354562b\" data-element_type=\"widget\" data-widget_type=\"spacer.default\">\n\t\t\t\t<div class=\"elementor-widget-container\">\n\t\t\t\t\t\t\t<div class=\"elementor-spacer\">\n\t\t\t<div class=\"elementor-spacer-inner\"><\/div>\n\t\t<\/div>\n\t\t\t\t\t\t<\/div>\n\t\t\t\t<\/div>\n\t\t\t\t<\/div>\n\t\t\t\t\t<\/div>\n\t\t\t\t<\/div>\n\t\t<div class=\"elementor-element elementor-element-395b127 e-flex e-con-boxed e-con e-parent\" data-id=\"395b127\" data-element_type=\"container\" data-settings=\"{&quot;background_background&quot;:&quot;classic&quot;}\">\n\t\t\t\t\t<div class=\"e-con-inner\">\n\t\t<div class=\"elementor-element elementor-element-7378a3f e-con-full e-flex e-con e-child\" data-id=\"7378a3f\" data-element_type=\"container\" data-settings=\"{&quot;background_background&quot;:&quot;classic&quot;}\">\n\t\t\t\t<div class=\"elementor-element elementor-element-e55f144 elementor--h-position-center elementor--v-position-middle elementor-arrows-position-inside elementor-pagination-position-inside elementor-widget elementor-widget-slides\" data-id=\"e55f144\" data-element_type=\"widget\" data-settings=\"{&quot;navigation&quot;:&quot;both&quot;,&quot;autoplay&quot;:&quot;yes&quot;,&quot;pause_on_hover&quot;:&quot;yes&quot;,&quot;pause_on_interaction&quot;:&quot;yes&quot;,&quot;autoplay_speed&quot;:5000,&quot;infinite&quot;:&quot;yes&quot;,&quot;transition&quot;:&quot;slide&quot;,&quot;transition_speed&quot;:500}\" data-widget_type=\"slides.default\">\n\t\t\t\t<div class=\"elementor-widget-container\">\n\t\t\t\t\t\t\t\t\t<div class=\"elementor-swiper\">\n\t\t\t\t\t<div class=\"elementor-slides-wrapper elementor-main-swiper swiper\" role=\"region\" aria-roledescription=\"carousel\" aria-label=\"Slides\" dir=\"ltr\" data-animation=\"fadeInUp\">\n\t\t\t\t<div class=\"swiper-wrapper elementor-slides\">\n\t\t\t\t\t\t\t\t\t\t<div class=\"elementor-repeater-item-558cf4d swiper-slide\" role=\"group\" aria-roledescription=\"slide\"><div class=\"swiper-slide-bg elementor-ken-burns elementor-ken-burns--in\" role=\"img\"><\/div><div class=\"swiper-slide-inner\" ><div class=\"swiper-slide-contents\"><\/div><\/div><\/div><div class=\"elementor-repeater-item-da829f3 swiper-slide\" role=\"group\" aria-roledescription=\"slide\"><div class=\"swiper-slide-bg elementor-ken-burns elementor-ken-burns--in\" role=\"img\"><\/div><div class=\"swiper-slide-inner\" ><div class=\"swiper-slide-contents\"><\/div><\/div><\/div><div class=\"elementor-repeater-item-779c2ca swiper-slide\" role=\"group\" aria-roledescription=\"slide\"><div class=\"swiper-slide-bg elementor-ken-burns elementor-ken-burns--in\" role=\"img\"><\/div><div class=\"swiper-slide-inner\" ><div class=\"swiper-slide-contents\"><\/div><\/div><\/div>\t\t\t\t<\/div>\n\t\t\t\t\t\t\t\t\t\t\t\t\t\t\t<div class=\"elementor-swiper-button elementor-swiper-button-prev\" role=\"button\" tabindex=\"0\" aria-label=\"Previous slide\">\n\t\t\t\t\t\t\t<svg aria-hidden=\"true\" class=\"e-font-icon-svg e-eicon-chevron-left\" viewBox=\"0 0 1000 1000\" xmlns=\"http:\/\/www.w3.org\/2000\/svg\"><path d=\"M646 125C629 125 613 133 604 142L308 442C296 454 292 471 292 487 292 504 296 521 308 533L604 854C617 867 629 875 646 875 663 875 679 871 692 858 704 846 713 829 713 812 713 796 708 779 692 767L438 487 692 225C700 217 708 204 708 187 708 171 704 154 692 142 675 129 663 125 646 125Z\"><\/path><\/svg>\t\t\t\t\t\t<\/div>\n\t\t\t\t\t\t<div class=\"elementor-swiper-button elementor-swiper-button-next\" role=\"button\" tabindex=\"0\" aria-label=\"Next slide\">\n\t\t\t\t\t\t\t<svg aria-hidden=\"true\" class=\"e-font-icon-svg e-eicon-chevron-right\" viewBox=\"0 0 1000 1000\" xmlns=\"http:\/\/www.w3.org\/2000\/svg\"><path d=\"M696 533C708 521 713 504 713 487 713 471 708 454 696 446L400 146C388 133 375 125 354 125 338 125 325 129 313 142 300 154 292 171 292 187 292 204 296 221 308 233L563 492 304 771C292 783 288 800 288 817 288 833 296 850 308 863 321 871 338 875 354 875 371 875 388 867 400 854L696 533Z\"><\/path><\/svg>\t\t\t\t\t\t<\/div>\n\t\t\t\t\t\t\t\t\t\t\t\t\t\t\t\t<div class=\"swiper-pagination\"><\/div>\n\t\t\t\t\t\t\t\t\t\t\t\t<\/div>\n\t\t\t\t<\/div>\n\t\t\t\t\t\t\t\t<\/div>\n\t\t\t\t<\/div>\n\t\t\t\t<\/div>\n\t\t<div class=\"elementor-element elementor-element-82a872a e-con-full e-flex e-con e-child\" data-id=\"82a872a\" data-element_type=\"container\">\n\t\t\t\t<div class=\"elementor-element elementor-element-8bac4e8 elementor-widget elementor-widget-text-editor\" data-id=\"8bac4e8\" data-element_type=\"widget\" data-widget_type=\"text-editor.default\">\n\t\t\t\t<div class=\"elementor-widget-container\">\n\t\t\t\t\t\t\t\t\t<h5><strong>Nyx: schermatura architettonica<br \/><\/strong><\/h5>\t\t\t\t\t\t\t\t<\/div>\n\t\t\t\t<\/div>\n\t\t\t\t<div class=\"elementor-element elementor-element-a05ee24 elementor-widget elementor-widget-heading\" data-id=\"a05ee24\" data-element_type=\"widget\" data-widget_type=\"heading.default\">\n\t\t\t\t<div class=\"elementor-widget-container\">\n\t\t\t\t\t<h2 class=\"elementor-heading-title elementor-size-default\">Il Design diventa Tenda<\/h2>\t\t\t\t<\/div>\n\t\t\t\t<\/div>\n\t\t\t\t<div class=\"elementor-element elementor-element-8ecd768 elementor-widget elementor-widget-text-editor\" data-id=\"8ecd768\" data-element_type=\"widget\" data-widget_type=\"text-editor.default\">\n\t\t\t\t<div class=\"elementor-widget-container\">\n\t\t\t\t\t\t\t\t\tTutti i nostri prodotti vengono realizzati assecondando specifiche necessit\u00e0 del progettista, secondo una elevata possibilit\u00e0 di personalizzazione, affinch\u00e9 ogni progetto risulti unico, puntuale e coerente.\n\n<a href=\"https:\/\/nyxrollerblinds.uk\/it\/azienda\/\"><strong>\u2014 scopri l\u2019azienda<\/strong><\/a>\t\t\t\t\t\t\t\t<\/div>\n\t\t\t\t<\/div>\n\t\t\t\t<\/div>\n\t\t\t\t\t<\/div>\n\t\t\t\t<\/div>\n\t\t<div class=\"elementor-element elementor-element-cea89f2 e-flex e-con-boxed e-con e-parent\" data-id=\"cea89f2\" data-element_type=\"container\">\n\t\t\t\t\t<div class=\"e-con-inner\">\n\t\t<div class=\"elementor-element elementor-element-c6514e8 e-con-full e-flex e-con e-child\" data-id=\"c6514e8\" data-element_type=\"container\">\n\t\t\t\t<div class=\"elementor-element elementor-element-8eaf86c elementor-widget elementor-widget-spacer\" data-id=\"8eaf86c\" data-element_type=\"widget\" data-widget_type=\"spacer.default\">\n\t\t\t\t<div class=\"elementor-widget-container\">\n\t\t\t\t\t\t\t<div class=\"elementor-spacer\">\n\t\t\t<div class=\"elementor-spacer-inner\"><\/div>\n\t\t<\/div>\n\t\t\t\t\t\t<\/div>\n\t\t\t\t<\/div>\n\t\t\t\t<\/div>\n\t\t\t\t\t<\/div>\n\t\t\t\t<\/div>\n\t\t<div class=\"elementor-element elementor-element-cb5e3dd e-flex e-con-boxed e-con e-parent\" data-id=\"cb5e3dd\" data-element_type=\"container\">\n\t\t\t\t\t<div class=\"e-con-inner\">\n\t\t<div class=\"elementor-element elementor-element-95e4cb6 e-con-full e-flex e-con e-child\" data-id=\"95e4cb6\" data-element_type=\"container\">\n\t\t\t\t<div class=\"elementor-element elementor-element-bd36a7a elementor-widget elementor-widget-heading\" data-id=\"bd36a7a\" data-element_type=\"widget\" data-widget_type=\"heading.default\">\n\t\t\t\t<div class=\"elementor-widget-container\">\n\t\t\t\t\t<h2 class=\"elementor-heading-title elementor-size-default\">scopri i prodotti<\/h2>\t\t\t\t<\/div>\n\t\t\t\t<\/div>\n\t\t\t\t<\/div>\n\t\t\t\t\t<\/div>\n\t\t\t\t<\/div>\n\t\t<div class=\"elementor-element elementor-element-74d294ed e-grid e-con-full e-con e-parent\" data-id=\"74d294ed\" data-element_type=\"container\">\n\t\t\t\t<div class=\"elementor-element elementor-element-23e7e6d1 elementor-position-top elementor-widget elementor-widget-image-box\" data-id=\"23e7e6d1\" data-element_type=\"widget\" data-widget_type=\"image-box.default\">\n\t\t\t\t<div class=\"elementor-widget-container\">\n\t\t\t\t\t<div class=\"elementor-image-box-wrapper\"><figure class=\"elementor-image-box-img\"><a href=\"https:\/\/nyxrollerblinds.uk\/it\/tez-in-luce\/\" tabindex=\"-1\"><img loading=\"lazy\" decoding=\"async\" width=\"768\" height=\"768\" src=\"https:\/\/nyxrollerblinds.uk\/wp-content\/uploads\/2024\/05\/Home-3-768x768.jpg\" class=\"attachment-medium_large size-medium_large wp-image-764\" alt=\"\" srcset=\"https:\/\/nyxrollerblinds.uk\/wp-content\/uploads\/2024\/05\/Home-3-768x768.jpg 768w, https:\/\/nyxrollerblinds.uk\/wp-content\/uploads\/2024\/05\/Home-3-300x300.jpg 300w, https:\/\/nyxrollerblinds.uk\/wp-content\/uploads\/2024\/05\/Home-3-1024x1024.jpg 1024w, https:\/\/nyxrollerblinds.uk\/wp-content\/uploads\/2024\/05\/Home-3-150x150.jpg 150w, https:\/\/nyxrollerblinds.uk\/wp-content\/uploads\/2024\/05\/Home-3.jpg 1251w\" sizes=\"(max-width: 768px) 100vw, 768px\" \/><\/a><\/figure><div class=\"elementor-image-box-content\"><h2 class=\"elementor-image-box-title\"><a href=\"https:\/\/nyxrollerblinds.uk\/it\/tez-in-luce\/\">SCHERMATURE<BR>CON GUIDA ZIP<\/a><\/h2><p class=\"elementor-image-box-description\">TEZ in luce<\/p><\/div><\/div>\t\t\t\t<\/div>\n\t\t\t\t<\/div>\n\t\t\t\t<div class=\"elementor-element elementor-element-81852f2 elementor-position-top elementor-widget elementor-widget-image-box\" data-id=\"81852f2\" data-element_type=\"widget\" data-widget_type=\"image-box.default\">\n\t\t\t\t<div class=\"elementor-widget-container\">\n\t\t\t\t\t<div class=\"elementor-image-box-wrapper\"><figure class=\"elementor-image-box-img\"><a href=\"https:\/\/nyxrollerblinds.uk\/it\/tez-incasso\/\" tabindex=\"-1\"><img loading=\"lazy\" decoding=\"async\" width=\"768\" height=\"768\" src=\"https:\/\/nyxrollerblinds.uk\/wp-content\/uploads\/2024\/05\/Home-4-768x768.jpg\" class=\"attachment-medium_large size-medium_large wp-image-765\" alt=\"\" srcset=\"https:\/\/nyxrollerblinds.uk\/wp-content\/uploads\/2024\/05\/Home-4-768x768.jpg 768w, https:\/\/nyxrollerblinds.uk\/wp-content\/uploads\/2024\/05\/Home-4-300x300.jpg 300w, https:\/\/nyxrollerblinds.uk\/wp-content\/uploads\/2024\/05\/Home-4-1024x1024.jpg 1024w, https:\/\/nyxrollerblinds.uk\/wp-content\/uploads\/2024\/05\/Home-4-150x150.jpg 150w, https:\/\/nyxrollerblinds.uk\/wp-content\/uploads\/2024\/05\/Home-4.jpg 1251w\" sizes=\"(max-width: 768px) 100vw, 768px\" \/><\/a><\/figure><div class=\"elementor-image-box-content\"><h2 class=\"elementor-image-box-title\"><a href=\"https:\/\/nyxrollerblinds.uk\/it\/tez-incasso\/\">SCHERMATURE<BR>AD INCASSO<\/a><\/h2><p class=\"elementor-image-box-description\">TEZ incasso<\/p><\/div><\/div>\t\t\t\t<\/div>\n\t\t\t\t<\/div>\n\t\t\t\t<div class=\"elementor-element elementor-element-2ddbd6e8 elementor-position-top elementor-widget elementor-widget-image-box\" data-id=\"2ddbd6e8\" data-element_type=\"widget\" data-widget_type=\"image-box.default\">\n\t\t\t\t<div class=\"elementor-widget-container\">\n\t\t\t\t\t<div class=\"elementor-image-box-wrapper\"><figure class=\"elementor-image-box-img\"><a href=\"https:\/\/nyxrollerblinds.uk\/it\/tef\/\" tabindex=\"-1\"><img loading=\"lazy\" decoding=\"async\" width=\"768\" height=\"768\" src=\"https:\/\/nyxrollerblinds.uk\/wp-content\/uploads\/2024\/05\/Home-5-768x768.jpg\" class=\"attachment-medium_large size-medium_large wp-image-766\" alt=\"\" srcset=\"https:\/\/nyxrollerblinds.uk\/wp-content\/uploads\/2024\/05\/Home-5-768x768.jpg 768w, https:\/\/nyxrollerblinds.uk\/wp-content\/uploads\/2024\/05\/Home-5-300x300.jpg 300w, https:\/\/nyxrollerblinds.uk\/wp-content\/uploads\/2024\/05\/Home-5-1024x1024.jpg 1024w, https:\/\/nyxrollerblinds.uk\/wp-content\/uploads\/2024\/05\/Home-5-150x150.jpg 150w, https:\/\/nyxrollerblinds.uk\/wp-content\/uploads\/2024\/05\/Home-5.jpg 1251w\" sizes=\"(max-width: 768px) 100vw, 768px\" \/><\/a><\/figure><div class=\"elementor-image-box-content\"><h2 class=\"elementor-image-box-title\"><a href=\"https:\/\/nyxrollerblinds.uk\/it\/tef\/\">TENDE CON GUIDA<BR>A FUNE INOX<\/a><\/h2><p class=\"elementor-image-box-description\">TEF<\/p><\/div><\/div>\t\t\t\t<\/div>\n\t\t\t\t<\/div>\n\t\t\t\t<div class=\"elementor-element elementor-element-41851a55 elementor-position-top elementor-widget elementor-widget-image-box\" data-id=\"41851a55\" data-element_type=\"widget\" data-widget_type=\"image-box.default\">\n\t\t\t\t<div class=\"elementor-widget-container\">\n\t\t\t\t\t<div class=\"elementor-image-box-wrapper\"><figure class=\"elementor-image-box-img\"><a href=\"https:\/\/nyxrollerblinds.uk\/it\/z-glass-schermatura-per-vetrata\/\" tabindex=\"-1\"><img loading=\"lazy\" decoding=\"async\" width=\"768\" height=\"768\" src=\"https:\/\/nyxrollerblinds.uk\/wp-content\/uploads\/2025\/02\/z-glass-1-2-768x768.jpg\" class=\"attachment-medium_large size-medium_large wp-image-14951\" alt=\"\" srcset=\"https:\/\/nyxrollerblinds.uk\/wp-content\/uploads\/2025\/02\/z-glass-1-2-768x768.jpg 768w, https:\/\/nyxrollerblinds.uk\/wp-content\/uploads\/2025\/02\/z-glass-1-2-300x300.jpg 300w, https:\/\/nyxrollerblinds.uk\/wp-content\/uploads\/2025\/02\/z-glass-1-2-1024x1024.jpg 1024w, https:\/\/nyxrollerblinds.uk\/wp-content\/uploads\/2025\/02\/z-glass-1-2-150x150.jpg 150w, https:\/\/nyxrollerblinds.uk\/wp-content\/uploads\/2025\/02\/z-glass-1-2-700x700.jpg 700w, https:\/\/nyxrollerblinds.uk\/wp-content\/uploads\/2025\/02\/z-glass-1-2-650x650.jpg 650w, https:\/\/nyxrollerblinds.uk\/wp-content\/uploads\/2025\/02\/z-glass-1-2.jpg 1200w\" sizes=\"(max-width: 768px) 100vw, 768px\" \/><\/a><\/figure><div class=\"elementor-image-box-content\"><h2 class=\"elementor-image-box-title\"><a href=\"https:\/\/nyxrollerblinds.uk\/it\/z-glass-schermatura-per-vetrata\/\">SCHERMATURE<BR>PER VETRATE<\/a><\/h2><p class=\"elementor-image-box-description\">Z-GLASS<\/p><\/div><\/div>\t\t\t\t<\/div>\n\t\t\t\t<\/div>\n\t\t\t\t<div class=\"elementor-element elementor-element-4b3de671 elementor-position-top elementor-widget elementor-widget-image-box\" data-id=\"4b3de671\" data-element_type=\"widget\" data-widget_type=\"image-box.default\">\n\t\t\t\t<div class=\"elementor-widget-container\">\n\t\t\t\t\t<div class=\"elementor-image-box-wrapper\"><figure class=\"elementor-image-box-img\"><a href=\"https:\/\/nyxrollerblinds.uk\/it\/ti\/\" tabindex=\"-1\"><img loading=\"lazy\" decoding=\"async\" width=\"768\" height=\"768\" src=\"https:\/\/nyxrollerblinds.uk\/wp-content\/uploads\/2024\/05\/Home-6-768x768.jpg\" class=\"attachment-medium_large size-medium_large wp-image-767\" alt=\"\" srcset=\"https:\/\/nyxrollerblinds.uk\/wp-content\/uploads\/2024\/05\/Home-6-768x768.jpg 768w, https:\/\/nyxrollerblinds.uk\/wp-content\/uploads\/2024\/05\/Home-6-300x300.jpg 300w, https:\/\/nyxrollerblinds.uk\/wp-content\/uploads\/2024\/05\/Home-6-1024x1024.jpg 1024w, https:\/\/nyxrollerblinds.uk\/wp-content\/uploads\/2024\/05\/Home-6-150x150.jpg 150w, https:\/\/nyxrollerblinds.uk\/wp-content\/uploads\/2024\/05\/Home-6.jpg 1251w\" sizes=\"(max-width: 768px) 100vw, 768px\" \/><\/a><\/figure><div class=\"elementor-image-box-content\"><h2 class=\"elementor-image-box-title\"><a href=\"https:\/\/nyxrollerblinds.uk\/it\/ti\/\">TENDE A RULLO<BR>PER L\u2019INTERNO<\/a><\/h2><p class=\"elementor-image-box-description\">TI<\/p><\/div><\/div>\t\t\t\t<\/div>\n\t\t\t\t<\/div>\n\t\t\t\t<\/div>\n\t\t<div class=\"elementor-element elementor-element-cc38fbc e-flex e-con-boxed e-con e-parent\" data-id=\"cc38fbc\" data-element_type=\"container\">\n\t\t\t\t\t<div class=\"e-con-inner\">\n\t\t<div class=\"elementor-element elementor-element-cf8b67e e-con-full e-flex e-con e-child\" data-id=\"cf8b67e\" data-element_type=\"container\">\n\t\t\t\t<div class=\"elementor-element elementor-element-9ce6c2d elementor-widget elementor-widget-spacer\" data-id=\"9ce6c2d\" data-element_type=\"widget\" data-widget_type=\"spacer.default\">\n\t\t\t\t<div class=\"elementor-widget-container\">\n\t\t\t\t\t\t\t<div class=\"elementor-spacer\">\n\t\t\t<div class=\"elementor-spacer-inner\"><\/div>\n\t\t<\/div>\n\t\t\t\t\t\t<\/div>\n\t\t\t\t<\/div>\n\t\t\t\t<\/div>\n\t\t\t\t\t<\/div>\n\t\t\t\t<\/div>\n\t\t\t\t<\/div>\n\t\t","protected":false},"excerpt":{"rendered":"<p>Nyx: schermatura architettonica Il Design diventa Tenda Tutti i nostri prodotti vengono realizzati assecondando specifiche necessit\u00e0 del progettista, secondo una elevata possibilit\u00e0 di personalizzazione, affinch\u00e9 ogni progetto risulti unico, puntuale e coerente. \u2014 scopri l\u2019azienda scopri i prodotti SCHERMATURECON GUIDA ZIP TEZ in luce SCHERMATUREAD INCASSO TEZ incasso TENDE CON GUIDAA FUNE INOX TEF SCHERMATUREPER [&hellip;]<\/p>\n","protected":false},"author":1,"featured_media":0,"parent":0,"menu_order":7,"comment_status":"closed","ping_status":"closed","template":"","meta":{"footnotes":""},"class_list":["post-12932","page","type-page","status-publish","hentry"],"blocksy_meta":{"page_title_panel":"","has_hero_section":"disabled","a021d615acb00704d22a215bb20821ff":"","hero_section":"type-1","hero_elements":[{"id":"custom_title","enabled":true,"heading_tag":"h1","title":"Home"},{"id":"custom_description","enabled":true,"description_visibility":{"desktop":true,"tablet":true,"mobile":false}},{"id":"custom_meta","enabled":false,"meta_elements":[{"id":"author","enabled":true,"label":"By","has_author_avatar":"yes","avatar_size":25},{"id":"post_date","enabled":true,"label":"On","date_format_source":"default","date_format":"M j, Y"},{"id":"comments","enabled":true}],"page_meta_elements":{"joined":true,"articles_count":true,"comments":true}},{"id":"breadcrumbs","enabled":false}],"d0505c9bc2c3a100918983b7672c5e6d":"","hero_alignment1":"left","hero_alignment2":"center","hero_vertical_alignment":"center","69a73150cebfaece67402936f1c0455f":"","hero_structure":"narrow","bd1080d581870d75437a0aec7ce14d23":"","page_title_bg_type":"featured_image","custom_hero_background":{"attachment_id":null},"parallax":{"desktop":false,"tablet":false,"mobile":false},"a45ed0d64b9a771c158335017296bd80":"","hero_height":"250px","pageTitleFont":{"family":"Default","variation":"Default","size":{"desktop":"32px","tablet":"30px","mobile":"25px"},"line-height":"CT_CSS_SKIP_RULE","letter-spacing":"CT_CSS_SKIP_RULE","text-transform":"CT_CSS_SKIP_RULE","text-decoration":"CT_CSS_SKIP_RULE"},"pageTitleFontColor":{"default":{"color":"CT_CSS_SKIP_RULEDEFAULT"}},"pageMetaFont":{"family":"Default","variation":"n6","size":{"desktop":"12px","tablet":"12px","mobile":"12px"},"line-height":"1.3","letter-spacing":"CT_CSS_SKIP_RULE","text-transform":"uppercase","text-decoration":"CT_CSS_SKIP_RULE"},"pageMetaFontColor":{"default":{"color":"CT_CSS_SKIP_RULEDEFAULT"},"hover":{"color":"CT_CSS_SKIP_RULEDEFAULT"}},"pageExcerptFont":{"family":"Default","variation":"Default","size":"CT_CSS_SKIP_RULE","line-height":"CT_CSS_SKIP_RULE","letter-spacing":"CT_CSS_SKIP_RULE","text-transform":"CT_CSS_SKIP_RULE","text-decoration":"CT_CSS_SKIP_RULE"},"pageExcerptColor":{"default":{"color":"CT_CSS_SKIP_RULEDEFAULT"}},"breadcrumbsFont":{"family":"Default","variation":"n6","size":"12px","line-height":"CT_CSS_SKIP_RULE","letter-spacing":"CT_CSS_SKIP_RULE","text-transform":"uppercase","text-decoration":"CT_CSS_SKIP_RULE"},"breadcrumbsFontColor":{"default":{"color":"CT_CSS_SKIP_RULEDEFAULT"},"initial":{"color":"CT_CSS_SKIP_RULEDEFAULT"},"hover":{"color":"CT_CSS_SKIP_RULEDEFAULT"}},"pageTitleOverlay":{"default":{"color":"rgba(41, 51, 60, 0.2)"}},"pageTitleBackground":{"background_type":"color","background_pattern":"type-1","background_image":{"attachment_id":null,"x":0,"y":0},"background_repeat":"no-repeat","background_size":"auto","background_attachment":"scroll","patternColor":{"default":{"color":"#e5e7ea"}},"backgroundColor":{"default":{"color":"#EDEFF2"}}},"c0700eea2d5f2a79943114245d9b0d3c":"","page_structure_type":"default","content_style":"inherit","vertical_spacing_source":"custom","content_area_spacing":"none","background":{"background_type":"color","background_pattern":"type-1","background_image":{"attachment_id":null,"x":0,"y":0},"background_repeat":"no-repeat","background_size":"auto","background_attachment":"scroll","patternColor":{"default":{"color":"#e5e7ea"}},"backgroundColor":{"default":{"color":"CT_CSS_SKIP_RULE"}}},"content_background":{"background_type":"color","background_pattern":"type-1","background_image":{"attachment_id":null,"x":0,"y":0},"background_repeat":"no-repeat","background_size":"auto","background_attachment":"scroll","patternColor":{"default":{"color":"#e5e7ea"}},"backgroundColor":{"default":{"color":"#ffffff"}}},"content_boxed_spacing":{"desktop":"40px","tablet":"35px","mobile":"20px"},"content_boxed_radius":{"top":"3px","bottom":"3px","left":"3px","right":"3px","linked":true},"content_boxed_shadow":{"blur":18,"spread":-6,"v_offset":12,"h_offset":0,"inset":false,"enable":true,"color":{"color":"rgba(34, 56, 101, 0.04)"}},"05c14464af83440d2458a3b59cd3c7c8":"","disable_featured_image":"no","disable_header":"no","disable_footer":"no","styles_descriptor":{"styles":{"desktop":"","tablet":"","mobile":""},"google_fonts":[]}},"aioseo_notices":[],"_links":{"self":[{"href":"https:\/\/nyxrollerblinds.uk\/it\/wp-json\/wp\/v2\/pages\/12932","targetHints":{"allow":["GET"]}}],"collection":[{"href":"https:\/\/nyxrollerblinds.uk\/it\/wp-json\/wp\/v2\/pages"}],"about":[{"href":"https:\/\/nyxrollerblinds.uk\/it\/wp-json\/wp\/v2\/types\/page"}],"author":[{"embeddable":true,"href":"https:\/\/nyxrollerblinds.uk\/it\/wp-json\/wp\/v2\/users\/1"}],"replies":[{"embeddable":true,"href":"https:\/\/nyxrollerblinds.uk\/it\/wp-json\/wp\/v2\/comments?post=12932"}],"version-history":[{"count":37,"href":"https:\/\/nyxrollerblinds.uk\/it\/wp-json\/wp\/v2\/pages\/12932\/revisions"}],"predecessor-version":[{"id":15353,"href":"https:\/\/nyxrollerblinds.uk\/it\/wp-json\/wp\/v2\/pages\/12932\/revisions\/15353"}],"wp:attachment":[{"href":"https:\/\/nyxrollerblinds.uk\/it\/wp-json\/wp\/v2\/media?parent=12932"}],"curies":[{"name":"wp","href":"https:\/\/api.w.org\/{rel}","templated":true}]}}